{"id":545,"date":"2026-04-09T14:59:01","date_gmt":"2026-04-09T12:59:01","guid":{"rendered":"https:\/\/dev.eug.clupes.com\/sant-cugat\/?page_id=545"},"modified":"2026-04-09T15:04:34","modified_gmt":"2026-04-09T13:04:34","slug":"contactar","status":"publish","type":"page","link":"https:\/\/dev.eug.clupes.com\/sant-cugat\/contactar\/","title":{"rendered":"Contacte amb nosaltres"},"content":{"rendered":"\n<div class=\"wp-block-group section alignfull has-global-padding is-layout-constrained wp-block-group-is-layout-constrained\">\n<h1 class=\"wp-block-heading\">Contacta amb nosaltres<\/h1>\n<\/div>\n\n\n\n<div class=\"wp-block-group section alignfull has-base-2-background-color has-background has-global-padding is-layout-constrained wp-block-group-is-layout-constrained\">\n<h2 class=\"wp-block-heading has-eug-medium-iv-font-size\" style=\"margin-bottom:var(--wp--preset--spacing--btn-top)\">Reb tota l&#8217;informaci\u00f3 de Gimbernat<\/h2>\n\n\n\n<div class=\"wp-block-contact-form-7-contact-form-selector\">\n<div class=\"wpcf7 no-js\" id=\"wpcf7-f544-o1\" lang=\"ca\" dir=\"ltr\" data-wpcf7-id=\"544\">\n<div class=\"screen-reader-response\"><p role=\"status\" aria-live=\"polite\" aria-atomic=\"true\"><\/p> <ul><\/ul><\/div>\n<form action=\"\/sant-cugat\/wp-json\/wp\/v2\/pages\/545#wpcf7-f544-o1\" method=\"post\" class=\"wpcf7-form init\" aria-label=\"Formulari de contacte\" novalidate=\"novalidate\" data-status=\"init\">\n<fieldset class=\"hidden-fields-container\"><input type=\"hidden\" name=\"_wpcf7\" value=\"544\" \/><input type=\"hidden\" name=\"_wpcf7_version\" value=\"6.1.5\" \/><input type=\"hidden\" name=\"_wpcf7_locale\" value=\"ca\" \/><input type=\"hidden\" name=\"_wpcf7_unit_tag\" value=\"wpcf7-f544-o1\" \/><input type=\"hidden\" name=\"_wpcf7_container_post\" value=\"0\" \/><input type=\"hidden\" name=\"_wpcf7_posted_data_hash\" value=\"\" \/>\n<\/fieldset>\n<div class=\"cols_2\">\n\t<div class=\"col_1\">\n\t\t<p><label>Nom i cognoms *<br \/>\n<span class=\"wpcf7-form-control-wrap\" data-name=\"name-surname\"><input size=\"40\" maxlength=\"400\" class=\"wpcf7-form-control wpcf7-text wpcf7-validates-as-required\" autocomplete=\"name-surname\" aria-required=\"true\" aria-invalid=\"false\" value=\"\" type=\"text\" name=\"name-surname\" \/><\/span> <\/label>\n\t\t<\/p>\n\t\t<p><label>Correu electr\u00f2nic *<br \/>\n<span class=\"wpcf7-form-control-wrap\" data-name=\"your-email\"><input size=\"40\" maxlength=\"400\" class=\"wpcf7-form-control wpcf7-email wpcf7-validates-as-required wpcf7-text wpcf7-validates-as-email\" autocomplete=\"email\" aria-required=\"true\" aria-invalid=\"false\" value=\"\" type=\"email\" name=\"your-email\" \/><\/span> <\/label>\n\t\t<\/p>\n\t<\/div>\n\t<div class=\"col_2\">\n\t\t<p><label>Tel\u00e8fon *<br \/>\n<span class=\"wpcf7-form-control-wrap\" data-name=\"telefono\"><input size=\"40\" maxlength=\"400\" class=\"wpcf7-form-control wpcf7-tel wpcf7-validates-as-required wpcf7-text wpcf7-validates-as-tel telefono\" id=\"telefono\" aria-required=\"true\" aria-invalid=\"false\" value=\"\" type=\"tel\" name=\"telefono\" \/><\/span><br \/>\n<\/label>\n\t\t<\/p>\n\t\t<p><label>Selecciona l'estudi en el qual est\u00e0s interessat *<br \/>\n<span class=\"wpcf7-form-control-wrap\" data-name=\"estudio\"><select class=\"wpcf7-form-control wpcf7-select wpcf7-validates-as-required estudio\" aria-required=\"true\" aria-invalid=\"false\" name=\"estudio\"><option value=\"Escull una opci\u00f3\">Escull una opci\u00f3<\/option><option value=\"Infermer\u00eda\">Infermer\u00eda<\/option><option value=\"Fisioterapia\">Fisioterapia<\/option><option value=\"Inform\u00e0tica\">Inform\u00e0tica<\/option><\/select><\/span><br \/>\n<\/label>\n\t\t<\/p>\n\t<\/div>\n<\/div>\n<div class=\"cols_1\">\n\t<div class=\"\">\n\t\t<p><label>\u00bfTens alguna pregunta? <span class=\"wpcf7-form-control-wrap\" data-name=\"preguntas\"><textarea cols=\"10\" rows=\"2\" maxlength=\"2000\" class=\"wpcf7-form-control wpcf7-textarea preguntas\" aria-invalid=\"false\" name=\"preguntas\"><\/textarea><\/span><\/label>\n\t\t<\/p>\n\t<\/div>\n<\/div>\n<p><span class=\"wpcf7-form-control-wrap\" data-name=\"aceptar-politica-privacidad\"><span class=\"wpcf7-form-control wpcf7-acceptance\"><span class=\"wpcf7-list-item\"><label><input type=\"checkbox\" name=\"aceptar-politica-privacidad\" value=\"1\" class=\"aceptar-politica-privacidad\" aria-invalid=\"false\" \/><span class=\"wpcf7-list-item-label\">He llegit i accepto el tractament de les dades per a les finalitats descrites a la <a href=\"\/politica-de-privacidad\/\">Pol\u00edtica de privacitat<\/a><\/span><\/label><\/span><\/span><\/span>\n<\/p>\n<p><span class=\"wpcf7-form-control-wrap\" data-name=\"aceptar-terminos-condiciones\"><span class=\"wpcf7-form-control wpcf7-acceptance\"><span class=\"wpcf7-list-item\"><label><input type=\"checkbox\" name=\"aceptar-terminos-condiciones\" value=\"1\" class=\"aceptar-terminos-condiciones\" aria-invalid=\"false\" \/><span class=\"wpcf7-list-item-label\">He llegit i accepto els termes i condicions de la present p\u00e0gina web<\/span><\/label><\/span><\/span><\/span>\n<\/p>\n<p><span class=\"wpcf7-form-control-wrap\" data-name=\"aceptar-envio-informacion\"><span class=\"wpcf7-form-control wpcf7-acceptance\"><span class=\"wpcf7-list-item\"><label><input type=\"checkbox\" name=\"aceptar-envio-informacion\" value=\"1\" class=\"aceptar-envio-informacion\" aria-invalid=\"false\" \/><span class=\"wpcf7-list-item-label\">Consenteixo que m'enviin informaci\u00f3 sobre les activitats que organitza Gimbernat a trav\u00e9s de mitjans electr\u00f2nics<\/span><\/label><\/span><\/span><\/span>\n<\/p>\n<p><input class=\"wpcf7-form-control wpcf7-submit has-spinner\" type=\"submit\" value=\"Sol\u00b7licitar m\u00e9s informaci\u00f3\" \/>\n<\/p><div class=\"wpcf7-response-output\" aria-hidden=\"true\"><\/div>\n<\/form>\n<\/div>\n<\/div>\n<\/div>\n\n\n\n<div class=\"wp-block-group section alignfull has-global-padding is-layout-constrained wp-block-group-is-layout-constrained\">\n<div class=\"wp-block-group wide-content is-horizontal is-nowrap is-layout-flex wp-container-core-group-is-layout-ededf426 wp-block-group-is-layout-flex\">\n<div class=\"wp-block-group is-vertical is-layout-flex wp-container-core-group-is-layout-fe9cc265 wp-block-group-is-layout-flex\">\n<figure class=\"wp-block-image size-full\"><img decoding=\"async\" src=\"https:\/\/dev.eug.clupes.com\/wp-content\/uploads\/2026\/03\/eug-edifici-sant-cugat.jpg\" alt=\"\" class=\"wp-image-377\"\/><\/figure>\n\n\n\n<div class=\"wp-block-group has-global-padding is-layout-constrained wp-container-core-group-is-layout-afbea23a wp-block-group-is-layout-constrained\" style=\"margin-top:var(--wp--preset--spacing--padding-section);margin-bottom:var(--wp--preset--spacing--padding-section)\">\n<h3 class=\"wp-block-heading has-contrast-2-color has-text-color has-link-color has-eug-large-i-font-size wp-elements-25a15a2ed3d7bb7f2762138f29af19f1\">Campus de Sant Cugat<\/h3>\n\n\n\n<p style=\"margin-top:var(--wp--preset--spacing--30-px)\">Avinguda de la Generalitat 202-206,<\/p>\n\n\n\n<p>08174 Sant Cugat del Vall\u00e8s, Barcelona<\/p>\n\n\n\n<p><strong>Tel\u00e8fon<\/strong>: (+34) 93 589 37 27<\/p>\n\n\n\n<p><strong>Fax<\/strong>: (+34) 93 589 14 66<\/p>\n\n\n\n<p style=\"margin-top:var(--wp--preset--spacing--30-px)\"><a href=\"https:\/\/maps.app.goo.gl\/sopAQCxxnb6dxAYz8\" data-type=\"link\" data-id=\"https:\/\/maps.app.goo.gl\/sopAQCxxnb6dxAYz8\" target=\"_blank\" rel=\"noreferrer noopener\">VEURE MAPA &gt;<\/a><\/p>\n<\/div>\n<\/div>\n\n\n\n<div class=\"wp-block-group is-vertical is-layout-flex wp-container-core-group-is-layout-fe9cc265 wp-block-group-is-layout-flex\">\n<figure class=\"wp-block-image size-full\"><img decoding=\"async\" src=\"https:\/\/dev.eug.clupes.com\/wp-content\/uploads\/2026\/03\/eug-edifici-torrelavega.jpg\" alt=\"\" class=\"wp-image-378\"\/><\/figure>\n\n\n\n<div class=\"wp-block-group has-global-padding is-layout-constrained wp-container-core-group-is-layout-afbea23a wp-block-group-is-layout-constrained\" style=\"margin-top:var(--wp--preset--spacing--padding-section);margin-bottom:var(--wp--preset--spacing--padding-section)\">\n<h3 class=\"wp-block-heading has-contrast-2-color has-text-color has-link-color has-eug-large-i-font-size wp-elements-5f53136d79fbb048c1ab940b480909e9\">Campus de Torrelavega<\/h3>\n\n\n\n<p style=\"margin-top:var(--wp--preset--spacing--30-px)\">C\/ Aurelio Garcia Cantalapiedra, s\/n,<\/p>\n\n\n\n<p>39316 Tanos &#8211; Torrelavega<\/p>\n\n\n\n<p><strong>Tel\u00e8fon<\/strong>: (+34) 93 589 37 27<\/p>\n\n\n\n<p><strong>Fax<\/strong>: (+34) 93 589 14 66<\/p>\n\n\n\n<p style=\"margin-top:var(--wp--preset--spacing--30-px)\"><a href=\"https:\/\/maps.app.goo.gl\/sopAQCxxnb6dxAYz8\" data-type=\"link\" data-id=\"https:\/\/maps.app.goo.gl\/sopAQCxxnb6dxAYz8\" target=\"_blank\" rel=\"noreferrer noopener\">VEURE MAPA &gt;<\/a><\/p>\n<\/div>\n<\/div>\n<\/div>\n<\/div>\n","protected":false},"excerpt":{"rendered":"<p>Contacta amb nosaltres Reb tota l&#8217;informaci\u00f3 de Gimbernat Campus de Sant Cugat Avinguda de la Generalitat 202-206, 08174 Sant Cugat del Vall\u00e8s, Barcelona Tel\u00e8fon: (+34) 93 589 37 27 Fax: (+34) 93 589 14 66 VEURE MAPA &gt; Campus de Torrelavega C\/ Aurelio Garcia Cantalapiedra, s\/n, 39316 Tanos &#8211; Torrelavega Tel\u00e8fon: (+34) 93 589 37 [&hellip;]<\/p>\n","protected":false},"author":1,"featured_media":0,"parent":0,"menu_order":0,"comment_status":"closed","ping_status":"closed","template":"","meta":{"_acf_changed":false,"inline_featured_image":false,"footnotes":""},"class_list":["post-545","page","type-page","status-publish","hentry"],"acf":[],"_links":{"self":[{"href":"https:\/\/dev.eug.clupes.com\/sant-cugat\/wp-json\/wp\/v2\/pages\/545","targetHints":{"allow":["GET"]}}],"collection":[{"href":"https:\/\/dev.eug.clupes.com\/sant-cugat\/wp-json\/wp\/v2\/pages"}],"about":[{"href":"https:\/\/dev.eug.clupes.com\/sant-cugat\/wp-json\/wp\/v2\/types\/page"}],"author":[{"embeddable":true,"href":"https:\/\/dev.eug.clupes.com\/sant-cugat\/wp-json\/wp\/v2\/users\/1"}],"replies":[{"embeddable":true,"href":"https:\/\/dev.eug.clupes.com\/sant-cugat\/wp-json\/wp\/v2\/comments?post=545"}],"version-history":[{"count":2,"href":"https:\/\/dev.eug.clupes.com\/sant-cugat\/wp-json\/wp\/v2\/pages\/545\/revisions"}],"predecessor-version":[{"id":547,"href":"https:\/\/dev.eug.clupes.com\/sant-cugat\/wp-json\/wp\/v2\/pages\/545\/revisions\/547"}],"wp:attachment":[{"href":"https:\/\/dev.eug.clupes.com\/sant-cugat\/wp-json\/wp\/v2\/media?parent=545"}],"curies":[{"name":"wp","href":"https:\/\/api.w.org\/{rel}","templated":true}]}}